{"id":77,"date":"2022-12-14T12:47:53","date_gmt":"2022-12-14T12:47:53","guid":{"rendered":"https:\/\/www.royaledinburghticket.com\/?page_id=77"},"modified":"2026-03-30T14:38:05","modified_gmt":"2026-03-30T14:38:05","slug":"shop","status":"publish","type":"page","link":"https:\/\/www.royaledinburghticket.com\/en\/shop\/","title":{"rendered":"Buy Royal Edinburgh Ticket"},"content":{"rendered":"<div class=\"wp-block-columns is-layout-flex wp-container-core-columns-is-layout-9d6595d7 wp-block-columns-is-layout-flex\">\n<div class=\"wp-block-column is-layout-flow wp-block-column-is-layout-flow\" style=\"flex-basis:33.33%\">\n<!-- Royal Edinburgh Ticket \u2013 Kompaktes Sidebar-Widget (Custom HTML) -->\n<!-- CSS-Pr\u00e4fix: retws- | Prim\u00e4rfarbe: #988344 | Stand: M\u00e4rz 2026 -->\n<!-- Einsatz: 1\/3-Spalten auf Startseite + Unterseiten | Kampagne: buy-widget -->\n\n<style>\n.retws{max-width:360px;margin:0 auto;border-radius:12px;overflow:hidden;border:1px solid rgba(0,0,0,.1);box-shadow:0 2px 14px rgba(0,0,0,.07);font-family:inherit}\n.retws *{box-sizing:border-box;margin:0;padding:0}\n\n\/* === Header === *\/\n.retws-header{padding:20px 18px;background:#988344;color:#fff;text-align:center}\n.retws-header-name{font-size:16px;font-weight:700;line-height:1.3}\n.retws-header-price{font-size:30px;font-weight:800;line-height:1.15;margin-top:6px}\n.retws-header-meta{font-size:12px;opacity:.85;margin-top:3px}\n\n\/* === Body === *\/\n.retws-body{padding:18px;background:#fff}\n\n\/* === USP-Liste === *\/\n.retws-usps{list-style:none;margin-bottom:14px}\n.retws-usps li{display:flex;align-items:flex-start;gap:8px;padding:3.5px 0;font-size:13px;color:#333;line-height:1.4}\n.retws-usps li svg{flex-shrink:0;margin-top:1px}\n\n\/* === Bewertung === *\/\n.retws-rating{display:flex;align-items:center;justify-content:center;gap:5px;margin-bottom:16px;flex-wrap:wrap}\n.retws-stars{display:flex;gap:1px}\n.retws-rating-text{font-size:12.5px;color:#555}\n.retws-rating-text strong{color:#1a1a1a}\n\n\/* === CTA === *\/\na.retws-cta,a.retws-cta:visited{display:flex;align-items:center;justify-content:center;gap:8px;width:100%;padding:14px 16px;background:#988344;color:#fff!important;font-size:16px;font-weight:700;border-radius:8px;text-decoration:none!important;transition:background .2s ease,transform .1s ease;cursor:pointer;border:none;line-height:1.3}\na.retws-cta:hover{background:#7d6c37;color:#fff!important;text-decoration:none!important;transform:translateY(-1px)}\na.retws-cta svg{flex-shrink:0}\n\n\/* === Storno-Hinweis === *\/\n.retws-cancel{font-size:11px;color:#aaa;text-align:center;margin-top:10px}\n\n\/* === Sofort verf\u00fcgbar === *\/\n.retws-avail{display:flex;align-items:center;justify-content:center;gap:5px;font-size:12px;color:#777;margin-bottom:16px}\n.retws-avail svg{flex-shrink:0}\n<\/style>\n\n<div class=\"retws\">\n\n  <!-- Header -->\n  <div class=\"retws-header\">\n    <div class=\"retws-header-name\">Royal Edinburgh Ticket<\/div>\n    <div class=\"retws-header-price\">\u00a381<\/div>\n    <div class=\"retws-header-meta\">per person - valid for 48 hours<\/div>\n  <\/div>\n\n  <!-- Body -->\n  <div class=\"retws-body\">\n\n    <!-- USP-Liste (kompakt) -->\n    <ul class=\"retws-usps\">\n      <li>\n        <svg width=\"18\" height=\"18\" viewbox=\"0 0 24 24\" fill=\"none\"><circle cx=\"12\" cy=\"12\" r=\"11\" fill=\"#988344\"\/><path d=\"M7 12.5l3 3 7-7\" stroke=\"#fff\" stroke-width=\"2.2\" stroke-linecap=\"round\" stroke-linejoin=\"round\"\/><\/svg>\n        Edinburgh Castle - guaranteed\n      <\/li>\n      <li>\n        <svg width=\"18\" height=\"18\" viewbox=\"0 0 24 24\" fill=\"none\"><circle cx=\"12\" cy=\"12\" r=\"11\" fill=\"#988344\"\/><path d=\"M7 12.5l3 3 7-7\" stroke=\"#fff\" stroke-width=\"2.2\" stroke-linecap=\"round\" stroke-linejoin=\"round\"\/><\/svg>\n        48h Hop-on\/Hop-off bus\n      <\/li>\n      <li>\n        <svg width=\"18\" height=\"18\" viewbox=\"0 0 24 24\" fill=\"none\"><circle cx=\"12\" cy=\"12\" r=\"11\" fill=\"#988344\"\/><path d=\"M7 12.5l3 3 7-7\" stroke=\"#fff\" stroke-width=\"2.2\" stroke-linecap=\"round\" stroke-linejoin=\"round\"\/><\/svg>\n        Palace + Royal Yacht included\n      <\/li>\n    <\/ul>\n\n    <!-- Bewertung -->\n    <div class=\"retws-rating\">\n      <div class=\"retws-stars\">\n        <svg width=\"15\" height=\"15\" viewbox=\"0 0 24 24\"><path d=\"M12 2l3.09 6.26L22 9.27l-5 4.87 1.18 6.88L12 17.77l-6.18 3.25L7 14.14 2 9.27l6.91-1.01L12 2z\" fill=\"#988344\"\/><\/svg>\n        <svg width=\"15\" height=\"15\" viewbox=\"0 0 24 24\"><path d=\"M12 2l3.09 6.26L22 9.27l-5 4.87 1.18 6.88L12 17.77l-6.18 3.25L7 14.14 2 9.27l6.91-1.01L12 2z\" fill=\"#988344\"\/><\/svg>\n        <svg width=\"15\" height=\"15\" viewbox=\"0 0 24 24\"><path d=\"M12 2l3.09 6.26L22 9.27l-5 4.87 1.18 6.88L12 17.77l-6.18 3.25L7 14.14 2 9.27l6.91-1.01L12 2z\" fill=\"#988344\"\/><\/svg>\n        <svg width=\"15\" height=\"15\" viewbox=\"0 0 24 24\"><path d=\"M12 2l3.09 6.26L22 9.27l-5 4.87 1.18 6.88L12 17.77l-6.18 3.25L7 14.14 2 9.27l6.91-1.01L12 2z\" fill=\"#988344\"\/><\/svg>\n        <svg width=\"15\" height=\"15\" viewbox=\"0 0 24 24\"><defs><lineargradient id=\"retws-star-60\"><stop offset=\"60%\" stop-color=\"#988344\"\/><stop offset=\"60%\" stop-color=\"#ddd\"\/><\/lineargradient><\/defs><path d=\"M12 2l3.09 6.26L22 9.27l-5 4.87 1.18 6.88L12 17.77l-6.18 3.25L7 14.14 2 9.27l6.91-1.01L12 2z\" fill=\"url(#retws-star-60)\"\/><\/svg>\n      <\/div>\n      <span class=\"retws-rating-text\"><strong>4,6 \/ 5<\/strong> - 800+<\/span>\n    <\/div>\n\n    <!-- Sofort verf\u00fcgbar -->\n    <div class=\"retws-avail\">\n      <svg width=\"14\" height=\"14\" viewbox=\"0 0 24 24\" fill=\"#988344\"><circle cx=\"12\" cy=\"12\" r=\"11\"\/><path d=\"M7 12.5l3 3 7-7\" stroke=\"#fff\" stroke-width=\"2.5\" stroke-linecap=\"round\" stroke-linejoin=\"round\" fill=\"none\"\/><\/svg>\n      Available immediately\n    <\/div>\n\n    <!-- CTA -->\n    <a href=\"https:\/\/www.tiqets.com\/en\/checkout\/tickets-fur-edinburgh-tickets-fur-die-koniglichen-attraktionen-hop-on-hop-off-bus-tour-p974952\/booking_details\/?partner=royalticket&amp;tq_campaign=buy-widget\" class=\"retws-cta\" rel=\"sponsored noopener\" target=\"_blank\">\n      <svg width=\"18\" height=\"18\" viewbox=\"0 0 24 24\" fill=\"none\" stroke=\"#fff\" stroke-width=\"2\" stroke-linecap=\"round\" stroke-linejoin=\"round\"><circle cx=\"12\" cy=\"12\" r=\"10\"\/><polyline points=\"12 6 12 12 16 14\"\/><\/svg>\n      Buy your ticket now\n    <\/a>\n\n    <!-- Storno-Hinweis -->\n    <div class=\"retws-cancel\">Not cancellable<\/div>\n\n  <\/div>\n<\/div>\n<\/div>\n\n\n\n<div class=\"wp-block-column is-layout-flow wp-block-column-is-layout-flow\" style=\"flex-basis:66.66%\">\n<p>The booking is processed via our partner Tiqets.com. Please provide the following information when purchasing:<\/p>\n\n\n<style>.wp-block-kadence-iconlist.kt-svg-icon-list-items77_390585-34:not(.this-stops-third-party-issues){margin-top:0px;margin-bottom:0px;}.wp-block-kadence-iconlist.kt-svg-icon-list-items77_390585-34 ul.kt-svg-icon-list:not(.this-prevents-issues):not(.this-stops-third-party-issues):not(.tijsloc){margin-top:0px;margin-right:0px;margin-bottom:var(--global-kb-spacing-sm, 1.5rem);margin-left:0px;}.wp-block-kadence-iconlist.kt-svg-icon-list-items77_390585-34 ul.kt-svg-icon-list{grid-row-gap:5px;}.wp-block-kadence-iconlist.kt-svg-icon-list-items77_390585-34 .kb-svg-icon-wrap{font-size:21px;color:#988344;}.wp-block-kadence-iconlist.kt-svg-icon-list-items77_390585-34 ul.kt-svg-icon-list .kt-svg-icon-list-item-wrap .kt-svg-icon-list-single{margin-right:10px;}.kt-svg-icon-list-items77_390585-34 ul.kt-svg-icon-list .kt-svg-icon-list-level-0 .kt-svg-icon-list-single svg{font-size:20px;}<\/style>\n<div class=\"wp-block-kadence-iconlist kt-svg-icon-list-items kt-svg-icon-list-items77_390585-34 kt-svg-icon-list-columns-1 alignnone\"><ul class=\"kt-svg-icon-list\"><style>.kt-svg-icon-list-item-77_076d55-cf .kt-svg-icon-list-text mark.kt-highlight{background-color:unset;font-style:normal;color:#f76a0c;-webkit-box-decoration-break:clone;box-decoration-break:clone;padding-top:0px;padding-right:0px;padding-bottom:0px;padding-left:0px;}<\/style>\n<li class=\"wp-block-kadence-listitem kt-svg-icon-list-item-wrap kt-svg-icon-list-item-77_076d55-cf\"><span class=\"kb-svg-icon-wrap kb-svg-icon-fe_checkCircle kt-svg-icon-list-single\"><svg viewbox=\"0 0 24 24\"  fill=\"none\" stroke=\"currentColor\" stroke-width=\"2\" stroke-linecap=\"round\" stroke-linejoin=\"round\" xmlns=\"http:\/\/www.w3.org\/2000\/svg\"  aria-hidden=\"true\"><path d=\"M22 11.08V12a10 10 0 1 1-5.93-9.14\"\/><polyline points=\"22 4 12 14.01 9 11.01\"\/><\/svg><\/span><span class=\"kt-svg-icon-list-text\">Date of arrival<\/span><\/li>\n\n\n<style>.kt-svg-icon-list-item-77_8d9533-5a .kt-svg-icon-list-text mark.kt-highlight{background-color:unset;font-style:normal;color:#f76a0c;-webkit-box-decoration-break:clone;box-decoration-break:clone;padding-top:0px;padding-right:0px;padding-bottom:0px;padding-left:0px;}<\/style>\n<li class=\"wp-block-kadence-listitem kt-svg-icon-list-item-wrap kt-svg-icon-list-item-77_8d9533-5a\"><span class=\"kb-svg-icon-wrap kb-svg-icon-fe_checkCircle kt-svg-icon-list-single\"><svg viewbox=\"0 0 24 24\"  fill=\"none\" stroke=\"currentColor\" stroke-width=\"2\" stroke-linecap=\"round\" stroke-linejoin=\"round\" xmlns=\"http:\/\/www.w3.org\/2000\/svg\"  aria-hidden=\"true\"><path d=\"M22 11.08V12a10 10 0 1 1-5.93-9.14\"\/><polyline points=\"22 4 12 14.01 9 11.01\"\/><\/svg><\/span><span class=\"kt-svg-icon-list-text\">Number of people (adults, children, seniors)<\/span><\/li>\n<\/ul><\/div>\n\n\n\n<p>The Royal Edinburgh Ticket is non-refundable.<\/p>\n\n\n\n<p><strong>After booking, you will receive your voucher by e-mail.<\/strong> You can also save the ticket in the free Tiqets app.<\/p>\n\n\n\n<p>After your arrival in Edinburgh, go to the starting point of the city tour at Waterloo Place (Waterloo Place, EH1 3BG, Edinburgh). The staff there will give you your ticket for the hop-on hop-off bus and a time slot ticket for the Edinburgh Castle. The bus ticket is valid for 48 hours from this point.<\/p>\n\n\n\n<p>You must always start at Waterloo Place.<\/p>\n\n\n\n<p>If you have any questions about booking, please contact Tiqets customer service by email (<a href=\"mailto:customerservice@tiqets.com\">customerservice@tiqets.com<\/a>),&nbsp;<a href=\"https:\/\/support.tiqets.com\/lang\/en_us\/\" target=\"_blank\" rel=\"noopener\" title=\"\">Chat or WhatsApp<\/a>.<\/p>\n\n\n<style>.wp-block-kadence-advancedbtn.kb-btns77_7e2787-24{gap:var(--global-kb-gap-xs, 0.5rem );justify-content:flex-start;align-items:center;}.kt-btns77_7e2787-24 .kt-button{font-weight:normal;font-style:normal;}.kt-btns77_7e2787-24 .kt-btn-wrap-0{margin-right:5px;}.wp-block-kadence-advancedbtn.kt-btns77_7e2787-24 .kt-btn-wrap-0 .kt-button{color:#555555;border-color:#555555;}.wp-block-kadence-advancedbtn.kt-btns77_7e2787-24 .kt-btn-wrap-0 .kt-button:hover, .wp-block-kadence-advancedbtn.kt-btns77_7e2787-24 .kt-btn-wrap-0 .kt-button:focus{color:#ffffff;border-color:#444444;}.wp-block-kadence-advancedbtn.kt-btns77_7e2787-24 .kt-btn-wrap-0 .kt-button::before{display:none;}.wp-block-kadence-advancedbtn.kt-btns77_7e2787-24 .kt-btn-wrap-0 .kt-button:hover, .wp-block-kadence-advancedbtn.kt-btns77_7e2787-24 .kt-btn-wrap-0 .kt-button:focus{background:#444444;}<\/style>\n<div class=\"wp-block-kadence-advancedbtn kb-buttons-wrap kb-btns77_7e2787-24\"><style>ul.menu .wp-block-kadence-advancedbtn .kb-btn77_0826a7-3d.kb-button{width:initial;}.wp-block-kadence-advancedbtn .kb-btn77_0826a7-3d.kb-button{color:var(--base-3);background:#988344;box-shadow:3px 3px 3px 0px rgba(0, 0, 0, 0.2);}.wp-block-kadence-advancedbtn .kb-btn77_0826a7-3d.kb-button:hover, .wp-block-kadence-advancedbtn .kb-btn77_0826a7-3d.kb-button:focus{background:#988344;}<\/style><a class=\"kb-button kt-button button kb-btn77_0826a7-3d kt-btn-size-standard kt-btn-width-type-auto kb-btn-global-fill  kt-btn-has-text-true kt-btn-has-svg-true  wp-block-kadence-singlebtn\" href=\"https:\/\/www.tiqets.com\/en\/edinburgh-attractions-c21\/tickets-for-the-royal-edinburgh-p974952?partner=royalticket\" target=\"_blank\" rel=\"noreferrer noopener nofollow sponsored\"><span class=\"kb-svg-icon-wrap kb-svg-icon-fe_externalLink kt-btn-icon-side-left\"><svg viewbox=\"0 0 24 24\"  fill=\"none\" stroke=\"currentColor\" stroke-width=\"2\" stroke-linecap=\"round\" stroke-linejoin=\"round\" xmlns=\"http:\/\/www.w3.org\/2000\/svg\"  aria-hidden=\"true\"><path d=\"M18 13v6a2 2 0 0 1-2 2H5a2 2 0 0 1-2-2V8a2 2 0 0 1 2-2h6\"\/><polyline points=\"15 3 21 3 21 9\"\/><line x1=\"10\" y1=\"14\" x2=\"21\" y2=\"3\"\/><\/svg><\/span><span class=\"kt-btn-inner-text\">Royal Edinburgh Ticket<\/span><\/a><\/div>\n<\/div>\n<\/div>","protected":false},"excerpt":{"rendered":"<p>The booking is processed via our partner Tiqets.com. Please provide the following information when purchasing: The Royal Edinburgh Ticket is non-refundable. After booking, you will receive your voucher by email. You can also save the ticket in the free Tiqets app. After your arrival in Edinburgh, go to the starting point of the city tour at Waterloo ... <a title=\"Buy Royal Edinburgh Ticket\" class=\"read-more\" href=\"https:\/\/www.royaledinburghticket.com\/en\/shop\/\" aria-label=\"Read more about Buy Royal Edinburgh Ticket\">Read more<\/a><\/p>","protected":false},"author":1,"featured_media":0,"parent":0,"menu_order":0,"comment_status":"closed","ping_status":"closed","template":"","meta":{"footnotes":""},"class_list":["post-77","page","type-page","status-publish"],"aioseo_notices":[],"_links":{"self":[{"href":"https:\/\/www.royaledinburghticket.com\/en\/wp-json\/wp\/v2\/pages\/77","targetHints":{"allow":["GET"]}}],"collection":[{"href":"https:\/\/www.royaledinburghticket.com\/en\/wp-json\/wp\/v2\/pages"}],"about":[{"href":"https:\/\/www.royaledinburghticket.com\/en\/wp-json\/wp\/v2\/types\/page"}],"author":[{"embeddable":true,"href":"https:\/\/www.royaledinburghticket.com\/en\/wp-json\/wp\/v2\/users\/1"}],"replies":[{"embeddable":true,"href":"https:\/\/www.royaledinburghticket.com\/en\/wp-json\/wp\/v2\/comments?post=77"}],"version-history":[{"count":14,"href":"https:\/\/www.royaledinburghticket.com\/en\/wp-json\/wp\/v2\/pages\/77\/revisions"}],"predecessor-version":[{"id":394,"href":"https:\/\/www.royaledinburghticket.com\/en\/wp-json\/wp\/v2\/pages\/77\/revisions\/394"}],"wp:attachment":[{"href":"https:\/\/www.royaledinburghticket.com\/en\/wp-json\/wp\/v2\/media?parent=77"}],"curies":[{"name":"wp","href":"https:\/\/api.w.org\/{rel}","templated":true}]}}