{"id":93,"date":"2022-12-14T15:10:53","date_gmt":"2022-12-14T15:10:53","guid":{"rendered":"https:\/\/www.royaledinburghticket.com\/?page_id=93"},"modified":"2025-02-07T08:31:45","modified_gmt":"2025-02-07T08:31:45","slug":"avtrykk","status":"publish","type":"page","link":"https:\/\/www.royaledinburghticket.com\/nb\/impressum\/","title":{"rendered":"Avtrykk"},"content":{"rendered":"<p>Patrick K\u00fchne<br>Kolpingstr. 12<br>04416 Markkleeberg<\/p>\n\n\n\n<h2 class=\"wp-block-heading\">Kontakt oss<\/h2>\n\n\n\n<p>E-post: patrick@101places.de.de<\/p>\n\n\n\n<h2 class=\"wp-block-heading\">ID for merverdiavgift<\/h2>\n\n\n\n<p>Identifikasjonsnummer for merverdiavgift i henhold til \u00a7 27 a i merverdiavgiftsloven:<br>DE251359457<\/p>\n\n\n\n<h2 class=\"wp-block-heading\">L\u00f8sning av forbrukertvister<\/h2>\n\n\n\n<p>Vi er ikke villige eller forpliktet til \u00e5 delta i tvistel\u00f8sningsprosedyrer for en forbrukervoldgiftsnemnd.<\/p>","protected":false},"excerpt":{"rendered":"<p>Patrick K\u00fchneKolpingstr. 1204416 Markkleeberg Kontakt E-post: patrick@101places.de.de MVA-ID MVA-identifikasjonsnummer i henhold til \u00a7 27 a Umsatzsteuergesetz:DE251359457 Forbrukertvistl\u00f8sning Vi er ikke villige eller forpliktet til \u00e5 delta i tvistel\u00f8sningsprosedyrer for en voldgiftsnemnd for forbrukere.<\/p>","protected":false},"author":1,"featured_media":0,"parent":0,"menu_order":0,"comment_status":"closed","ping_status":"closed","template":"","meta":{"footnotes":""},"class_list":["post-93","page","type-page","status-publish"],"aioseo_notices":[],"_links":{"self":[{"href":"https:\/\/www.royaledinburghticket.com\/nb\/wp-json\/wp\/v2\/pages\/93","targetHints":{"allow":["GET"]}}],"collection":[{"href":"https:\/\/www.royaledinburghticket.com\/nb\/wp-json\/wp\/v2\/pages"}],"about":[{"href":"https:\/\/www.royaledinburghticket.com\/nb\/wp-json\/wp\/v2\/types\/page"}],"author":[{"embeddable":true,"href":"https:\/\/www.royaledinburghticket.com\/nb\/wp-json\/wp\/v2\/users\/1"}],"replies":[{"embeddable":true,"href":"https:\/\/www.royaledinburghticket.com\/nb\/wp-json\/wp\/v2\/comments?post=93"}],"version-history":[{"count":4,"href":"https:\/\/www.royaledinburghticket.com\/nb\/wp-json\/wp\/v2\/pages\/93\/revisions"}],"predecessor-version":[{"id":286,"href":"https:\/\/www.royaledinburghticket.com\/nb\/wp-json\/wp\/v2\/pages\/93\/revisions\/286"}],"wp:attachment":[{"href":"https:\/\/www.royaledinburghticket.com\/nb\/wp-json\/wp\/v2\/media?parent=93"}],"curies":[{"name":"wp","href":"https:\/\/api.w.org\/{rel}","templated":true}]}}